{"id":1009,"date":"2018-09-20T17:49:39","date_gmt":"2018-09-20T17:49:39","guid":{"rendered":"https:\/\/endostlaurent.com\/?page_id=1009\/"},"modified":"2019-01-16T16:35:17","modified_gmt":"2019-01-16T16:35:17","slug":"le-mystere-du-mb2","status":"publish","type":"page","link":"https:\/\/endostlaurent.com\/en\/continuing-education\/le-mystere-du-mb2\/","title":{"rendered":"Le myst\u00e8re du MB2"},"content":{"rendered":"<div class=\"wrapper\" id=\"scoped-content\">\n<style type=\"text\/css\" media=\"screen\" scoped>\n    @import url('https:\/\/fonts.googleapis.com\/css?family=Open+Sans:300,400');<\/p>\n<p>    html {\n      font-size: 60%;\n      background-color: #f9f9f9 !important;\n    }\n    .wrapper {\n      width: 100%;\n      margin: 1rem auto;\n    }\n    .sos-reg-cs-container {\n      background-color: #ffffff;\n      padding: 1rem;\n      -webkit-box-shadow: 0 0 2px rgba(0,0,0,0.1), 0 0 2px rgba(0,0,0,0.08);\n      box-shadow: 0 0 2px rgba(0,0,0,0.1), 0 0 2px rgba(0,0,0,0.08);\n      transition: all 0.3s cubic-bezier(.25,.8,.25,1);\n      position: relative;\n      overflow: hidden;\n      font-family: 'Open Sans', sans-serif;\n      margin-bottom: 2rem;\n    }\n    .sos-reg-cs-intro {\n      width: 75%;\n      position: relative;\n      float: left;\n    }\n    .sos-reg-cs-info {\n      width: 25%;\n      position: relative;\n      float: left;\n    }\n    .sos-reg-cs-img-wrapper {\n      width: 38%;\n      float: left;\n    }\n    .sos-reg-cs-details {\n      width: calc(62% - 2rem);\n      float: left;\n      padding: 0 1rem;\n    }\n    .sos-reg-cs-details h1 {\n      font-family: 'Open Sans', sans-serif !important;\n      font-weight: 400 !important;\n      color: #02adf0;\n      font-size: 1.8rem !important;\n      text-transform: none !important;\n      margin-top: 0;\n      margin-bottom: 1rem;\n    }\n    .sos-reg-cs-details h3 {\n      font-family: 'Open Sans', sans-serif !important;\n      color: #000000;\n      font-size: 1.4rem !important;\n      margin: 2rem 0 0 0;\n    }\n    .sos-reg-cs-details p {\n      font-size: 1.4rem !important;\n      margin: 0;\n      line-height: 1.75;\n    }\n    .sos-reg-cs-details ol li {\n      font-size: 1.4rem !important;\n    }\n    .sos-reg-cs-collapsible {\n      background: none;\n      border: none;\n      color: #02adf0;\n      display: block;\n      font-size: 1.5rem;\n      outline: none;\n      padding: .5rem 0;\n      margin: 0;\n      text-align: left;\n      cursor: pointer;\n    }\n    .sos-reg-cs-img-wrapper img {\n      width: 100%;\n      display: block;\n      -webkit-transition: .35s ease-in-out;\n      transition: .35s ease-in-out;\n      backface-visibility: hidden;\n    }\n    .sos-reg-cs-container:hover .sos-reg-cs-img-wrapper img {\n      -webkit-transform: scale(1.02);\n      transform: scale(1.02);\n    }\n    .sos-reg-cs-info h2 {\n      font-weight: 400 !important;\n      color: #000000;\n      font-size: 1.8rem;\n      margin-top: 0;\n      margin-bottom: 2rem;\n      text-transform: none !important;\n    }\n    .sos-reg-cs-info h2 span {\n      font-size: 2.2rem !important;\n      color: #02adf0;\n    }\n    .sos-reg-cs-info h3 {\n      font-family: 'Open Sans', sans-serif !important;\n      font-weight: 400 !important;\n      color: #000000;\n      font-size: 1.4rem !important;\n      margin: 0;\n    }\n    .sos-reg-cs-info p {\n      font-size: 1.2rem;\n      margin-top: 0;\n    }\n    .sos-reg-cs-btn {\n      border: 2px solid #02adf0;\n      color: #02adf0!important;\n      display: block;\n      font-size: 1.3rem !important;\n      text-decoration: none;\n      text-transform: uppercase;\n      text-align: center;\n      padding: .5rem;\n      -webkit-border-radius: .2rem;\n      border-radius: .2rem;\n      -webkit-transition: .25s ease-in-out;\n      transition: .25s ease-in-out;\n    }\n    .sos-reg-cs-btn:hover {\n      background-color: #02adf0;\n      text-decoration: none;\n      color: #ffffff !important;\n    }\n    a, a:link, a:active, a:visited {\n      text-decoration: none;\n      color: #02adf0;\n    }\n    a:hover {\n      text-decoration: underline;\n    }\n    <\/style>\n<style type=\"text\/css\" media=\"screen\" scoped>\n    \/* Extra small devices (portrait phones, less than 576px) *\/\n    @media (max-width: 575.98px) {\n      .sos-reg-cs-intro {\n        width: 100%;\n      }\n      .sos-reg-cs-info {\n        width: 100%;\n      }\n      .sos-reg-cs-img-wrapper {\n        width: 100%;\n      }\n      .sos-reg-cs-details {\n        width: 100%;\n        padding: 1rem 0 0;\n      }\n    }<\/p>\n<p>    \/* Small devices (landscape phones, 576px and up) *\/\n    @media (min-width: 576px) and (max-width: 767.98px) {\n      .sos-reg-cs-intro {\n        width: 100%;\n      }\n      .sos-reg-cs-info {\n        width: 100%;\n      }\n      .sos-reg-cs-img-wrapper {\n        width: 100%;\n      }\n      .sos-reg-cs-details {\n        width: 100%;\n        padding: 1rem 0 0;\n      }\n    }<\/p>\n<p>    \/* Medium devices (tablets, 768px and up) *\/\n    @media (min-width: 768px) and (max-width: 991.98px) {\n      .sos-reg-cs-intro {\n        width: 100%;\n      }\n      .sos-reg-cs-info {\n        width: 100%;\n      }\n      .sos-reg-cs-img-wrapper {\n        width: 36%;\n      }\n      .sos-reg-cs-details {\n        width: calc(64% - 2rem);\n      }\n      .sos-reg-cs-details h3 {\n        margin: 1rem 0 0;\n      }\n    }<\/p>\n<\/style>\n<p>    <!--  COURSE 1 --><\/p>\n<div class=\"sos-reg-cs-container\" id=\"CE_CS_1\">\n<div class=\"sos-reg-cs-intro\">\n<div class=\"sos-reg-cs-img-wrapper\">\n          <img decoding=\"async\" src=\"https:\/\/endostlaurent.com\/wp-content\/uploads\/2019\/01\/mb-2.png\" alt=\"\">\n        <\/div>\n<div class=\"sos-reg-cs-details\">\n<h1>Le myst\u00e8re du MB2<\/h1>\n<p>\n            Objectifs P\u00e9dagogiques\n          <\/p>\n<ol>\n<li>D\u00e9crire une cavit\u00e9 d\u2019acc\u00e8s ad\u00e9quate des molaires sup\u00e9rieures<\/li>\n<li>Cartographier la chambre pulpaire des molaires sup\u00e9rieures<\/li>\n<li>Savoir quels \u00e9l\u00e9ments regarder lors de la recherche du MB2<\/li>\n<li>N\u00e9gocier et obturer les canaux MB2, surtout ceux d\u2019entre eux qui sont calcifi\u00e9s<\/li>\n<\/ol>\n<h2>Conf\u00e9rencier : Dr. Chafic Safi<\/h2>\n<p>\n            Dr Chafic Safi a obtenu son D.M.D. \u00e0 l\u2019Universit\u00e9 de Montr\u00e9al en 2012. Ses \u00e9tudes postdoctorales en endodontie, ainsi que sa ma\u00eetrise en sciences, furent obtenues en 2015 de l\u2019Universit\u00e9 de Pennsylvanie, une universit\u00e9 renomm\u00e9e Ivy League.\n          <\/p>\n<p>\n            Dr Safi est Fellow du Coll\u00e8ge Royal des Dentistes du Canada et est \u00e9ligible au American Board of Endodontics.<br \/>\n            Il est membre de plusieurs associations, dont l\u2019Association des Endodontistes du Qu\u00e9bec et l\u2019American Association of Endodontics.\n          <\/p>\n<p>\n            Il fut conf\u00e9rencier au Penn Endo Global Symposium \u00e0 Philadelphie et \u00e0 Tokyo, au McGill Endodontics Symposium, et \u00e0 la convention de l\u2019American Assoication of Endodontics \u00e0 San Francisco.\n          <\/p>\n<p>\n            Il \u0153uvre aussi comme conf\u00e9rencier au sein de Real World Endo, une organisation d\u2019\u00e9ducation continue sp\u00e9cialis\u00e9e en endodontie. Il est aussi le co-auteur d\u2019articles scientifiques ainsi que de chapitres portant sur l\u2019endodontie.\n          <\/p>\n<p>\n            Dr Safi est clinicien en endodontie \u00e0 l\u2019Universit\u00e9 McGill, ainsi que professeur adjoint au d\u00e9partement d\u2019endodontie \u00e0 l\u2019Universit\u00e9 de Pennsylvanie. Il maintient une pratique priv\u00e9e \u00e0 Ville Saint-Laurent ainsi qu\u2019\u00e0 Granby.\n          <\/p>\n<h3>Language<\/h3>\n<p>\n            French\n          <\/p>\n<h3>Location<\/h3>\n<p>\n            <a href=\"https:\/\/www.google.com\/maps\/place\/Centre+Endodontique+Saint-Laurent\/@45.521128,-73.7127829,17z\/data=!3m1!4b1!4m5!3m4!1s0x4cc9229969078df7:0x2802ab5d6a43c40!8m2!3d45.521128!4d-73.7105942\" target=\"_blank\">Centre Endodontique Saint-Laurent<\/a>\n          <\/p>\n<\/p><\/div><\/div>\n<div class=\"sos-reg-cs-info\">\n<h3>Date<\/h3>\n<h2>January 31st 2019<\/h2>\n<p>        <!-- \n\n<h3>Registration - End Date<\/h3>\n\n\n        \n\n<h2>October 9th 2018<\/h2>\n\n --><\/p>\n<h3>Credits<\/h3>\n<p>\n          2 CE CREDITS\n        <\/p>\n<h3>Time<\/h3>\n<p>\n          18:30 &#8211; 20:30 (Registration at 18:00)\n        <\/p>\n<h2>Cost <span>$120<\/span> + Taxes<\/h2>\n<p>        <a href=\"https:\/\/www.weezevent.com\/le-mystere-du-mb2\" class=\"sos-reg-cs-btn\" target=\"_blank\">Register Now<\/a>\n      <\/div><\/div>\n<p>    <!--  END COURSE 1 --><\/p><\/div>\n","protected":false},"excerpt":{"rendered":"<p>Le myst\u00e8re du MB2 Objectifs P\u00e9dagogiques D\u00e9crire une cavit\u00e9 d\u2019acc\u00e8s ad\u00e9quate des molaires sup\u00e9rieures Cartographier la chambre pulpaire des molaires sup\u00e9rieures Savoir quels \u00e9l\u00e9ments regarder&hellip;<\/p>\n","protected":false},"author":4,"featured_media":0,"parent":300,"menu_order":0,"comment_status":"closed","ping_status":"closed","template":"","meta":{"_acf_changed":false,"_exactmetrics_skip_tracking":false,"_exactmetrics_sitenote_active":false,"_exactmetrics_sitenote_note":"","_exactmetrics_sitenote_category":0,"footnotes":""},"class_list":["post-1009","page","type-page","status-publish","hentry"],"acf":[],"_links":{"self":[{"href":"https:\/\/endostlaurent.com\/en\/wp-json\/wp\/v2\/pages\/1009"}],"collection":[{"href":"https:\/\/endostlaurent.com\/en\/wp-json\/wp\/v2\/pages"}],"about":[{"href":"https:\/\/endostlaurent.com\/en\/wp-json\/wp\/v2\/types\/page"}],"author":[{"embeddable":true,"href":"https:\/\/endostlaurent.com\/en\/wp-json\/wp\/v2\/users\/4"}],"replies":[{"embeddable":true,"href":"https:\/\/endostlaurent.com\/en\/wp-json\/wp\/v2\/comments?post=1009"}],"version-history":[{"count":0,"href":"https:\/\/endostlaurent.com\/en\/wp-json\/wp\/v2\/pages\/1009\/revisions"}],"up":[{"embeddable":true,"href":"https:\/\/endostlaurent.com\/en\/wp-json\/wp\/v2\/pages\/300"}],"wp:attachment":[{"href":"https:\/\/endostlaurent.com\/en\/wp-json\/wp\/v2\/media?parent=1009"}],"curies":[{"name":"wp","href":"https:\/\/api.w.org\/{rel}","templated":true}]}}